{"id":50,"date":"2025-03-09T15:07:12","date_gmt":"2025-03-09T14:07:12","guid":{"rendered":"https:\/\/dev.ctoovu.com\/danyconstruction\/?page_id=50"},"modified":"2025-03-09T16:28:47","modified_gmt":"2025-03-09T15:28:47","slug":"ravalement","status":"publish","type":"page","link":"https:\/\/dev.ctoovu.com\/danyconstruction\/ravalement\/","title":{"rendered":"RAVALEMENT"},"content":{"rendered":"\n<p>Nous r\u00e9alisons vos ravalements ext\u00e9rieurs gr\u00e2ce \u00e0 une \u00e9quipe de de fa\u00e7adiers exp\u00e9riment\u00e9s.<\/p>\n\n\n\n<p>Nous intervenons pour le ravalement de vos fa\u00e7ades dans un p\u00e9rim\u00e8tre autour d\u2019Ozoir<\/p>\n\n\n\n<p>La Ferri\u00e8re <\/p>\n\n\n\n<div class=\"wp-block-media-text is-stacked-on-mobile\"><figure class=\"wp-block-media-text__media\"><img loading=\"lazy\" decoding=\"async\" width=\"1024\" height=\"768\" src=\"http:\/\/dev.ctoovu.com\/danyconstruction\/wp-content\/uploads\/sites\/11\/2025\/03\/20201128_171408-1024x768.jpg\" alt=\"\" class=\"wp-image-119 size-full\" srcset=\"https:\/\/dev.ctoovu.com\/danyconstruction\/wp-content\/uploads\/sites\/11\/2025\/03\/20201128_171408-1024x768.jpg 1024w, https:\/\/dev.ctoovu.com\/danyconstruction\/wp-content\/uploads\/sites\/11\/2025\/03\/20201128_171408-300x225.jpg 300w, https:\/\/dev.ctoovu.com\/danyconstruction\/wp-content\/uploads\/sites\/11\/2025\/03\/20201128_171408-768x576.jpg 768w, https:\/\/dev.ctoovu.com\/danyconstruction\/wp-content\/uploads\/sites\/11\/2025\/03\/20201128_171408-1536x1152.jpg 1536w, https:\/\/dev.ctoovu.com\/danyconstruction\/wp-content\/uploads\/sites\/11\/2025\/03\/20201128_171408-2048x1536.jpg 2048w\" sizes=\"auto, (max-width: 1024px) 100vw, 1024px\" \/><\/figure><div class=\"wp-block-media-text__content\">\n<p>-Nettoyage de fa\u00e7ade<\/p>\n\n\n\n<p>-Ravalement de fa\u00e7ade<\/p>\n\n\n\n<p>-Enduit et peinture de fa\u00e7ade<\/p>\n<\/div><\/div>\n\n\n\n<figure class=\"wp-block-gallery has-nested-images columns-default is-cropped wp-block-gallery-1 is-layout-flex wp-block-gallery-is-layout-flex\">\n<figure class=\"wp-block-image size-large\"><img loading=\"lazy\" decoding=\"async\" width=\"768\" height=\"1024\" data-id=\"117\" src=\"https:\/\/dev.ctoovu.com\/danyconstruction\/wp-content\/uploads\/sites\/11\/2025\/03\/20201128_170132-768x1024.jpg\" alt=\"\" class=\"wp-image-117\" srcset=\"https:\/\/dev.ctoovu.com\/danyconstruction\/wp-content\/uploads\/sites\/11\/2025\/03\/20201128_170132-768x1024.jpg 768w, https:\/\/dev.ctoovu.com\/danyconstruction\/wp-content\/uploads\/sites\/11\/2025\/03\/20201128_170132-225x300.jpg 225w, https:\/\/dev.ctoovu.com\/danyconstruction\/wp-content\/uploads\/sites\/11\/2025\/03\/20201128_170132-1152x1536.jpg 1152w, https:\/\/dev.ctoovu.com\/danyconstruction\/wp-content\/uploads\/sites\/11\/2025\/03\/20201128_170132-1536x2048.jpg 1536w, https:\/\/dev.ctoovu.com\/danyconstruction\/wp-content\/uploads\/sites\/11\/2025\/03\/20201128_170132-scaled.jpg 1920w\" sizes=\"auto, (max-width: 768px) 100vw, 768px\" \/><\/figure>\n\n\n\n<figure class=\"wp-block-image size-large\"><img loading=\"lazy\" decoding=\"async\" width=\"1024\" height=\"768\" data-id=\"120\" src=\"https:\/\/dev.ctoovu.com\/danyconstruction\/wp-content\/uploads\/sites\/11\/2025\/03\/20191106_171411-1024x768.jpg\" alt=\"\" class=\"wp-image-120\" srcset=\"https:\/\/dev.ctoovu.com\/danyconstruction\/wp-content\/uploads\/sites\/11\/2025\/03\/20191106_171411-1024x768.jpg 1024w, https:\/\/dev.ctoovu.com\/danyconstruction\/wp-content\/uploads\/sites\/11\/2025\/03\/20191106_171411-300x225.jpg 300w, https:\/\/dev.ctoovu.com\/danyconstruction\/wp-content\/uploads\/sites\/11\/2025\/03\/20191106_171411-768x576.jpg 768w, https:\/\/dev.ctoovu.com\/danyconstruction\/wp-content\/uploads\/sites\/11\/2025\/03\/20191106_171411-1536x1152.jpg 1536w, https:\/\/dev.ctoovu.com\/danyconstruction\/wp-content\/uploads\/sites\/11\/2025\/03\/20191106_171411-2048x1536.jpg 2048w\" sizes=\"auto, (max-width: 1024px) 100vw, 1024px\" \/><\/figure>\n<\/figure>\n","protected":false},"excerpt":{"rendered":"<p>Nous r\u00e9alisons vos ravalements ext\u00e9rieurs gr\u00e2ce \u00e0 une \u00e9quipe de de fa\u00e7adiers exp\u00e9riment\u00e9s. Nous intervenons pour le ravalement de vos fa\u00e7ades dans un p\u00e9rim\u00e8tre autour d\u2019Ozoir La Ferri\u00e8re -Nettoyage de fa\u00e7ade -Ravalement de fa\u00e7ade -Enduit et peinture de fa\u00e7ade<\/p>\n","protected":false},"author":1,"featured_media":0,"parent":0,"menu_order":0,"comment_status":"closed","ping_status":"closed","template":"","meta":{"footnotes":""},"class_list":["post-50","page","type-page","status-publish","hentry"],"_links":{"self":[{"href":"https:\/\/dev.ctoovu.com\/danyconstruction\/wp-json\/wp\/v2\/pages\/50","targetHints":{"allow":["GET"]}}],"collection":[{"href":"https:\/\/dev.ctoovu.com\/danyconstruction\/wp-json\/wp\/v2\/pages"}],"about":[{"href":"https:\/\/dev.ctoovu.com\/danyconstruction\/wp-json\/wp\/v2\/types\/page"}],"author":[{"embeddable":true,"href":"https:\/\/dev.ctoovu.com\/danyconstruction\/wp-json\/wp\/v2\/users\/1"}],"replies":[{"embeddable":true,"href":"https:\/\/dev.ctoovu.com\/danyconstruction\/wp-json\/wp\/v2\/comments?post=50"}],"version-history":[{"count":2,"href":"https:\/\/dev.ctoovu.com\/danyconstruction\/wp-json\/wp\/v2\/pages\/50\/revisions"}],"predecessor-version":[{"id":121,"href":"https:\/\/dev.ctoovu.com\/danyconstruction\/wp-json\/wp\/v2\/pages\/50\/revisions\/121"}],"wp:attachment":[{"href":"https:\/\/dev.ctoovu.com\/danyconstruction\/wp-json\/wp\/v2\/media?parent=50"}],"curies":[{"name":"wp","href":"https:\/\/api.w.org\/{rel}","templated":true}]}}