{"id":52,"date":"2025-03-09T15:08:44","date_gmt":"2025-03-09T14:08:44","guid":{"rendered":"https:\/\/dev.ctoovu.com\/danyconstruction\/?page_id=52"},"modified":"2025-03-09T15:08:44","modified_gmt":"2025-03-09T14:08:44","slug":"isolation","status":"publish","type":"page","link":"https:\/\/dev.ctoovu.com\/danyconstruction\/isolation\/","title":{"rendered":"ISOLATION"},"content":{"rendered":"\n<p>Nous prenons en charge l\u2019isolation de votre maison afin de vous assurer une meilleure isolation thermique<\/p>\n\n\n\n<p>L\u2019am\u00e9lioration du confort de votre maison vous permet \u00e9galement de faire des \u00e9conomies d\u2019\u00e9nergie et donc baisser vos factures d\u2019\u00e9nergie.<\/p>\n\n\n\n<figure class=\"wp-block-image size-large\"><img loading=\"lazy\" decoding=\"async\" width=\"1024\" height=\"461\" src=\"https:\/\/dev.ctoovu.com\/danyconstruction\/wp-content\/uploads\/sites\/11\/2025\/03\/20220624_162052-j-4-1024x461.jpg\" alt=\"\" class=\"wp-image-53\" srcset=\"https:\/\/dev.ctoovu.com\/danyconstruction\/wp-content\/uploads\/sites\/11\/2025\/03\/20220624_162052-j-4-1024x461.jpg 1024w, https:\/\/dev.ctoovu.com\/danyconstruction\/wp-content\/uploads\/sites\/11\/2025\/03\/20220624_162052-j-4-300x135.jpg 300w, https:\/\/dev.ctoovu.com\/danyconstruction\/wp-content\/uploads\/sites\/11\/2025\/03\/20220624_162052-j-4-768x346.jpg 768w, https:\/\/dev.ctoovu.com\/danyconstruction\/wp-content\/uploads\/sites\/11\/2025\/03\/20220624_162052-j-4-1536x691.jpg 1536w, https:\/\/dev.ctoovu.com\/danyconstruction\/wp-content\/uploads\/sites\/11\/2025\/03\/20220624_162052-j-4-2048x922.jpg 2048w\" sizes=\"auto, (max-width: 1024px) 100vw, 1024px\" \/><\/figure>\n\n\n\n<p>Contactez-nous d\u00e8s aujourd\u2019hui afin obtenir un devis gratuit et d\u2019analyser vos besoins en mati\u00e8re d\u2019isolation thermique int\u00e9rieure.<br><\/p>\n","protected":false},"excerpt":{"rendered":"<p>Nous prenons en charge l\u2019isolation de votre maison afin de vous assurer une meilleure isolation thermique L\u2019am\u00e9lioration du confort de votre maison vous permet \u00e9galement de faire des \u00e9conomies d\u2019\u00e9nergie et donc baisser vos factures d\u2019\u00e9nergie. Contactez-nous d\u00e8s aujourd\u2019hui afin obtenir un devis gratuit et d\u2019analyser vos besoins en mati\u00e8re d\u2019isolation thermique int\u00e9rieure.<\/p>\n","protected":false},"author":1,"featured_media":0,"parent":0,"menu_order":0,"comment_status":"closed","ping_status":"closed","template":"","meta":{"footnotes":""},"class_list":["post-52","page","type-page","status-publish","hentry"],"_links":{"self":[{"href":"https:\/\/dev.ctoovu.com\/danyconstruction\/wp-json\/wp\/v2\/pages\/52","targetHints":{"allow":["GET"]}}],"collection":[{"href":"https:\/\/dev.ctoovu.com\/danyconstruction\/wp-json\/wp\/v2\/pages"}],"about":[{"href":"https:\/\/dev.ctoovu.com\/danyconstruction\/wp-json\/wp\/v2\/types\/page"}],"author":[{"embeddable":true,"href":"https:\/\/dev.ctoovu.com\/danyconstruction\/wp-json\/wp\/v2\/users\/1"}],"replies":[{"embeddable":true,"href":"https:\/\/dev.ctoovu.com\/danyconstruction\/wp-json\/wp\/v2\/comments?post=52"}],"version-history":[{"count":1,"href":"https:\/\/dev.ctoovu.com\/danyconstruction\/wp-json\/wp\/v2\/pages\/52\/revisions"}],"predecessor-version":[{"id":54,"href":"https:\/\/dev.ctoovu.com\/danyconstruction\/wp-json\/wp\/v2\/pages\/52\/revisions\/54"}],"wp:attachment":[{"href":"https:\/\/dev.ctoovu.com\/danyconstruction\/wp-json\/wp\/v2\/media?parent=52"}],"curies":[{"name":"wp","href":"https:\/\/api.w.org\/{rel}","templated":true}]}}